{"id":556,"date":"2013-03-03T21:43:15","date_gmt":"2013-03-03T20:43:15","guid":{"rendered":"http:\/\/www.familie-rakic.de\/travel-guide-2\/"},"modified":"2013-03-03T22:04:56","modified_gmt":"2013-03-03T21:04:56","slug":"travel-guide","status":"publish","type":"page","link":"https:\/\/www.familie-rakic.de\/hr\/travel-guide\/","title":{"rendered":"Apartmani Rakic &#8211; Travel guide"},"content":{"rendered":"<p><a title=\"Ferienhaus Zavala\" href=\"http:\/\/www.hvarkroatien.de\/ferienwohnungen-rakic\" target=\"_blank\">Ferienhaus Zavala<\/a><br \/>\n<a title=\"Hvar Apartments\" href=\"http:\/\/www.hvar-apartments-croatia.com\/\" target=\"_blank\">Hvar Apartments Nina<\/a><br \/>\n<a title=\"Villa Tamara Zavala\" href=\"http:\/\/www.villa-tamara.com\" target=\"_blank\">Villa Tamara Zavala<\/a><br \/>\n<a title=\"Villa Benedeta\" href=\"http:\/\/www.hvar-dubovica.com\" target=\"_blank\">Villa Benedeta Dubovica<\/a><br \/>\nDer kleine Fischerort Zavala ist auf der s\u00fcdlichen Seite der Insel gelegen. Umgeben von herrlichen Olivenhainen, dichten Pinienw\u00e4ldern und kristallklarem Meer ist dieser Ort ein beliebtes Ziel vieler Touristen aus der ganzen Welt. Zahlreiche Kiesstr\u00e4nde und versteckte Buchten bieten ihren Besuchern Ruhe und Erholung. Die lange und beleuchtete Strandpromenade verbindet alle Ortschaften untereinander. Mit einem kleinen Boot erreichen Sie zahlreiche kleine Buchten und die Nachbarinsel Scedro. Oberhalb von Zavala und im Nachbarort Sv. Nedelja erstrecken sich viele Weing\u00e4rten, in denen die besten Weine Hvar&#8217;s entstehen. In der Ortschaft gibt es einen kleinen Supermarkt und einige Restaurants.<a href=\"https:\/\/www.familie-rakic.de\/wp-content\/uploads\/2013\/03\/Zavala-Island-Hvar-007.jpg\" rel=\"fancybox[556]\"><img loading=\"lazy\" decoding=\"async\" class=\"alignnone  wp-image-537\" title=\"Zaval Insel Hvar\" src=\"https:\/\/www.familie-rakic.de\/wp-content\/uploads\/2013\/03\/Zavala-Island-Hvar-007.jpg\" alt=\"Zaval Insel Hvar\" width=\"630\" height=\"420\" srcset=\"https:\/\/www.familie-rakic.de\/wp-content\/uploads\/2013\/03\/Zavala-Island-Hvar-007.jpg 900w, https:\/\/www.familie-rakic.de\/wp-content\/uploads\/2013\/03\/Zavala-Island-Hvar-007-300x200.jpg 300w\" sizes=\"auto, (max-width: 630px) 100vw, 630px\" \/><\/a> Die Insel Hvar ist einer der beliebtesten touristischen Zielorte in Kroatien. Mit ihrem au\u00dferordentlich milden Klima und den durchschnittlich meisten Sonnentagen in Europa ist sie f\u00fcr ihren Wein-, Oliven-, Feigen-, Mandel und besonders den Lavendelanbau bekannt. Der Lavendelanbau und die Herstellung von Lavendel\u00f6l waren seit jeher die Hauptt\u00e4tigkeit der Insel, so auch heute. In den Bl\u00fctemonaten bedecken die Lavendelbl\u00fcten die Inselfelder gleich einem Teppich. Au\u00dfer mit den Lavendelfeldern ist die Insel auch mit Weinbergen bedeckt. <a href=\"https:\/\/www.familie-rakic.de\/wp-content\/uploads\/2013\/03\/Island-Hvar-003.jpg\" rel=\"fancybox[556]\"><img loading=\"lazy\" decoding=\"async\" class=\"alignnone  wp-image-541\" title=\"Insel Hvar Kroatien\" src=\"https:\/\/www.familie-rakic.de\/wp-content\/uploads\/2013\/03\/Island-Hvar-003.jpg\" alt=\"Insel Hvar Kroatien\" width=\"630\" height=\"380\" srcset=\"https:\/\/www.familie-rakic.de\/wp-content\/uploads\/2013\/03\/Island-Hvar-003.jpg 1050w, https:\/\/www.familie-rakic.de\/wp-content\/uploads\/2013\/03\/Island-Hvar-003-300x181.jpg 300w, https:\/\/www.familie-rakic.de\/wp-content\/uploads\/2013\/03\/Island-Hvar-003-1024x618.jpg 1024w\" sizes=\"auto, (max-width: 630px) 100vw, 630px\" \/><\/a> Die s\u00fcdlichen Abh\u00e4nge der Insel sind reich an trockenen und sonnigen Tagen, weshalb die Weinreben nicht gegen Sch\u00e4dlinge behandelt werden m\u00fcssen und infolgedessen die besten Rotweine liefern, einer der bekanntesten unter ihnen ist der plavac. Seit jeher werden die Weine in den kalten Felsen des heutigen Tunnels Pitve gelagert. <a href=\"https:\/\/www.familie-rakic.de\/wp-content\/uploads\/2013\/03\/Island-Hvar-005.jpg\" rel=\"fancybox[556]\"><img loading=\"lazy\" decoding=\"async\" class=\"alignnone  wp-image-544\" title=\"Insel Hvar Kroatien\" src=\"https:\/\/www.familie-rakic.de\/wp-content\/uploads\/2013\/03\/Island-Hvar-005.jpg\" alt=\"Insel Hvar Kroatien\" width=\"630\" height=\"380\" srcset=\"https:\/\/www.familie-rakic.de\/wp-content\/uploads\/2013\/03\/Island-Hvar-005.jpg 1050w, https:\/\/www.familie-rakic.de\/wp-content\/uploads\/2013\/03\/Island-Hvar-005-300x181.jpg 300w, https:\/\/www.familie-rakic.de\/wp-content\/uploads\/2013\/03\/Island-Hvar-005-1024x618.jpg 1024w\" sizes=\"auto, (max-width: 630px) 100vw, 630px\" \/><\/a> <iframe loading=\"lazy\" src=\"http:\/\/www.youtube.com\/embed\/9k4fQTeMMI0\" frameborder=\"0\" width=\"640\" height=\"390\"><\/iframe><\/p>\n","protected":false},"excerpt":{"rendered":"<p>Ferienhaus Zavala Hvar Apartments Nina Villa Tamara Zavala Villa Benedeta Dubovica Der kleine Fischerort Zavala ist auf der s\u00fcdlichen Seite der Insel gelegen. Umgeben von herrlichen Olivenhainen, dichten Pinienw\u00e4ldern und kristallklarem Meer ist dieser&#8230;<\/p>\n","protected":false},"author":1,"featured_media":0,"parent":0,"menu_order":0,"comment_status":"closed","ping_status":"closed","template":"","meta":{"footnotes":""},"class_list":["post-556","page","type-page","status-publish","hentry"],"_links":{"self":[{"href":"https:\/\/www.familie-rakic.de\/hr\/wp-json\/wp\/v2\/pages\/556","targetHints":{"allow":["GET"]}}],"collection":[{"href":"https:\/\/www.familie-rakic.de\/hr\/wp-json\/wp\/v2\/pages"}],"about":[{"href":"https:\/\/www.familie-rakic.de\/hr\/wp-json\/wp\/v2\/types\/page"}],"author":[{"embeddable":true,"href":"https:\/\/www.familie-rakic.de\/hr\/wp-json\/wp\/v2\/users\/1"}],"replies":[{"embeddable":true,"href":"https:\/\/www.familie-rakic.de\/hr\/wp-json\/wp\/v2\/comments?post=556"}],"version-history":[{"count":2,"href":"https:\/\/www.familie-rakic.de\/hr\/wp-json\/wp\/v2\/pages\/556\/revisions"}],"predecessor-version":[{"id":558,"href":"https:\/\/www.familie-rakic.de\/hr\/wp-json\/wp\/v2\/pages\/556\/revisions\/558"}],"wp:attachment":[{"href":"https:\/\/www.familie-rakic.de\/hr\/wp-json\/wp\/v2\/media?parent=556"}],"curies":[{"name":"wp","href":"https:\/\/api.w.org\/{rel}","templated":true}]}}