{"id":443,"date":"2013-02-06T13:08:05","date_gmt":"2013-02-06T12:08:05","guid":{"rendered":"http:\/\/www.familie-rakic.de\/photo-gallery-2\/"},"modified":"2013-03-03T15:55:08","modified_gmt":"2013-03-03T14:55:08","slug":"foto-galerija","status":"publish","type":"page","link":"https:\/\/www.familie-rakic.de\/hr\/foto-galerija\/","title":{"rendered":"Foto Galerija"},"content":{"rendered":"<p>Otkrijte i istra\u017eite Zavalu i sun\u010dani otok Hvar kroz fotografije. Cijela hvarska obala je poznata po svojoj netaknutoj prirodi, prekrasnim pla\u017eama prekrivenim finim bijelim \u0161ljunkom te popularnim pla\u017eama skrivenim u uvalama po cijelom otoku.<\/p>\n","protected":false},"excerpt":{"rendered":"<p>Otkrijte i istra\u017eite Zavalu i sun\u010dani otok Hvar kroz fotografije. Cijela hvarska obala je poznata po svojoj netaknutoj prirodi, prekrasnim pla\u017eama prekrivenim finim bijelim \u0161ljunkom te popularnim pla\u017eama skrivenim u uvalama po cijelom otoku.<\/p>\n","protected":false},"author":1,"featured_media":95,"parent":0,"menu_order":0,"comment_status":"open","ping_status":"open","template":"template-galleries-2cols.php","meta":{"footnotes":""},"class_list":["post-443","page","type-page","status-publish","has-post-thumbnail","hentry"],"_links":{"self":[{"href":"https:\/\/www.familie-rakic.de\/hr\/wp-json\/wp\/v2\/pages\/443","targetHints":{"allow":["GET"]}}],"collection":[{"href":"https:\/\/www.familie-rakic.de\/hr\/wp-json\/wp\/v2\/pages"}],"about":[{"href":"https:\/\/www.familie-rakic.de\/hr\/wp-json\/wp\/v2\/types\/page"}],"author":[{"embeddable":true,"href":"https:\/\/www.familie-rakic.de\/hr\/wp-json\/wp\/v2\/users\/1"}],"replies":[{"embeddable":true,"href":"https:\/\/www.familie-rakic.de\/hr\/wp-json\/wp\/v2\/comments?post=443"}],"version-history":[{"count":3,"href":"https:\/\/www.familie-rakic.de\/hr\/wp-json\/wp\/v2\/pages\/443\/revisions"}],"predecessor-version":[{"id":444,"href":"https:\/\/www.familie-rakic.de\/hr\/wp-json\/wp\/v2\/pages\/443\/revisions\/444"}],"wp:featuredmedia":[{"embeddable":true,"href":"https:\/\/www.familie-rakic.de\/hr\/wp-json\/wp\/v2\/media\/95"}],"wp:attachment":[{"href":"https:\/\/www.familie-rakic.de\/hr\/wp-json\/wp\/v2\/media?parent=443"}],"curies":[{"name":"wp","href":"https:\/\/api.w.org\/{rel}","templated":true}]}}