{"id":439,"date":"2013-02-04T21:32:33","date_gmt":"2013-02-04T20:32:33","guid":{"rendered":"http:\/\/www.familie-rakic.de\/villa-rakic-2\/"},"modified":"2013-03-04T21:19:45","modified_gmt":"2013-03-04T20:19:45","slug":"villa-rakic","status":"publish","type":"page","link":"https:\/\/www.familie-rakic.de\/hr\/villa-rakic\/","title":{"rendered":"Villa Raki\u0107"},"content":{"rendered":"<p>Zahvaljujemo vam \u0161to ste pokazali zanimanje za na\u0161u ponudu, i nadamo se da \u0107emo vas uskoro mo\u0107i pozdraviti ovdje, na otoku Hvaru. Imate li neko dodatno pitanje ili prijedlog, jednostavno nam se obratite.<br \/>\nNa stranici <a title=\"Apartmani\" href=\"https:\/\/www.familie-rakic.de\/hr\/apartmani\">Apartmani<\/a> mo\u017eete prona\u0107i sve potrebne informacije o na\u0161oj ponudi apartmana udobno opremljenih za va\u0161 odmor, a na stranici <a title=\"Zavala\" href=\"https:\/\/www.familie-rakic.de\/hr\/zavala\">Zavala<\/a>\u00a0\u0107ete dobiti osnovne informacije o malome gostoljubivom mjestu na <a title=\"Otok Hvar\" href=\"https:\/\/www.familie-rakic.de\/hr\/otok-hvar\">otoku Hvaru<\/a> u kojemu mo\u017eete prona\u0107i sve \u0161to je potrebno da ugodno provedete svoj odmor.<a href=\"https:\/\/www.familie-rakic.de\/wp-content\/uploads\/2013\/02\/apartments-rakic-zavala-hvar-0051.jpg\" rel=\"fancybox[439]\"><img loading=\"lazy\" decoding=\"async\" class=\"alignnone  wp-image-204\" title=\"Apartments Rakic Zavala\" src=\"https:\/\/www.familie-rakic.de\/wp-content\/uploads\/2013\/02\/apartments-rakic-zavala-hvar-0051.jpg\" alt=\"Apartments Rakic Zavala\" width=\"630\" height=\"380\" srcset=\"https:\/\/www.familie-rakic.de\/wp-content\/uploads\/2013\/02\/apartments-rakic-zavala-hvar-0051.jpg 1050w, https:\/\/www.familie-rakic.de\/wp-content\/uploads\/2013\/02\/apartments-rakic-zavala-hvar-0051-300x181.jpg 300w, https:\/\/www.familie-rakic.de\/wp-content\/uploads\/2013\/02\/apartments-rakic-zavala-hvar-0051-1024x618.jpg 1024w\" sizes=\"auto, (max-width: 630px) 100vw, 630px\" \/><\/a><a href=\"https:\/\/www.familie-rakic.de\/wp-content\/uploads\/2013\/02\/apartments-rakic-zavala-hvar-0052.jpg\" rel=\"fancybox[439]\"><img loading=\"lazy\" decoding=\"async\" class=\"alignnone  wp-image-206\" title=\"Apartments Rakic Zavala\" src=\"https:\/\/www.familie-rakic.de\/wp-content\/uploads\/2013\/02\/apartments-rakic-zavala-hvar-0052.jpg\" alt=\"Apartments Rakic Zavala\" width=\"630\" height=\"380\" srcset=\"https:\/\/www.familie-rakic.de\/wp-content\/uploads\/2013\/02\/apartments-rakic-zavala-hvar-0052.jpg 1050w, https:\/\/www.familie-rakic.de\/wp-content\/uploads\/2013\/02\/apartments-rakic-zavala-hvar-0052-300x181.jpg 300w, https:\/\/www.familie-rakic.de\/wp-content\/uploads\/2013\/02\/apartments-rakic-zavala-hvar-0052-1024x618.jpg 1024w\" sizes=\"auto, (max-width: 630px) 100vw, 630px\" \/><\/a><a href=\"https:\/\/www.familie-rakic.de\/wp-content\/uploads\/2013\/02\/apartments-rakic-zavala-hvar-0050.jpg\" rel=\"fancybox[439]\"><img loading=\"lazy\" decoding=\"async\" class=\"alignnone  wp-image-209\" title=\"Apartments Rakic Zavala\" src=\"https:\/\/www.familie-rakic.de\/wp-content\/uploads\/2013\/02\/apartments-rakic-zavala-hvar-0050.jpg\" alt=\"Apartments Rakic Zavala\" width=\"630\" height=\"380\" srcset=\"https:\/\/www.familie-rakic.de\/wp-content\/uploads\/2013\/02\/apartments-rakic-zavala-hvar-0050.jpg 1050w, https:\/\/www.familie-rakic.de\/wp-content\/uploads\/2013\/02\/apartments-rakic-zavala-hvar-0050-300x181.jpg 300w, https:\/\/www.familie-rakic.de\/wp-content\/uploads\/2013\/02\/apartments-rakic-zavala-hvar-0050-1024x618.jpg 1024w\" sizes=\"auto, (max-width: 630px) 100vw, 630px\" \/><\/a>Pred svakim apartmanom nalazi se osun\u010dana terasa koja naprosto poziva da se na njoj provede ugodno vrijeme. Mo\u017eete na njoj doru\u010dkovati, sun\u010dati se ili provesti romanti\u010dnu ve\u010der uz \u010dasu vina. <a title=\"Apartmani Rakic\" href=\"https:\/\/www.familie-rakic.de\/hr\/apartmani\"><strong>Dobro do\u0161li u apartmane Raki\u0107!<\/strong><\/a>\u00a0[socialring]<\/p>\n","protected":false},"excerpt":{"rendered":"<p>Zahvaljujemo vam \u0161to ste pokazali zanimanje za na\u0161u ponudu, i nadamo se da \u0107emo vas uskoro mo\u0107i pozdraviti ovdje, na otoku Hvaru. Imate li neko dodatno pitanje ili prijedlog, jednostavno nam se obratite. Na&#8230;<\/p>\n","protected":false},"author":1,"featured_media":204,"parent":0,"menu_order":0,"comment_status":"open","ping_status":"open","template":"","meta":{"footnotes":""},"class_list":["post-439","page","type-page","status-publish","has-post-thumbnail","hentry"],"_links":{"self":[{"href":"https:\/\/www.familie-rakic.de\/hr\/wp-json\/wp\/v2\/pages\/439","targetHints":{"allow":["GET"]}}],"collection":[{"href":"https:\/\/www.familie-rakic.de\/hr\/wp-json\/wp\/v2\/pages"}],"about":[{"href":"https:\/\/www.familie-rakic.de\/hr\/wp-json\/wp\/v2\/types\/page"}],"author":[{"embeddable":true,"href":"https:\/\/www.familie-rakic.de\/hr\/wp-json\/wp\/v2\/users\/1"}],"replies":[{"embeddable":true,"href":"https:\/\/www.familie-rakic.de\/hr\/wp-json\/wp\/v2\/comments?post=439"}],"version-history":[{"count":7,"href":"https:\/\/www.familie-rakic.de\/hr\/wp-json\/wp\/v2\/pages\/439\/revisions"}],"predecessor-version":[{"id":440,"href":"https:\/\/www.familie-rakic.de\/hr\/wp-json\/wp\/v2\/pages\/439\/revisions\/440"}],"wp:featuredmedia":[{"embeddable":true,"href":"https:\/\/www.familie-rakic.de\/hr\/wp-json\/wp\/v2\/media\/204"}],"wp:attachment":[{"href":"https:\/\/www.familie-rakic.de\/hr\/wp-json\/wp\/v2\/media?parent=439"}],"curies":[{"name":"wp","href":"https:\/\/api.w.org\/{rel}","templated":true}]}}