{"id":436,"date":"2013-02-06T12:48:53","date_gmt":"2013-02-06T11:48:53","guid":{"rendered":"http:\/\/www.familie-rakic.de\/location-2\/"},"modified":"2013-03-04T21:29:08","modified_gmt":"2013-03-04T20:29:08","slug":"lokacija","status":"publish","type":"page","link":"https:\/\/www.familie-rakic.de\/hr\/lokacija\/","title":{"rendered":"Lokacija"},"content":{"rendered":"<p><div id=\"wpgmza_map\" class=\"wpgmza_map\" data-settings='{\"id\":\"1\",\"map_title\":\"Apartments Rakic\",\"map_width\":\"640\",\"map_height\":\"400\",\"map_start_lat\":\"43.123509\",\"map_start_lng\":\"16.680562\",\"map_start_location\":\"43.12350938792154,16.680562047119086\",\"map_start_zoom\":\"14\",\"default_marker\":\"\",\"type\":\"2\",\"alignment\":\"1\",\"directions_enabled\":\"0\",\"styling_enabled\":\"0\",\"styling_json\":\"\",\"active\":\"0\",\"kml\":\"\",\"bicycle\":\"0\",\"traffic\":\"0\",\"dbox\":\"0\",\"dbox_width\":\"\",\"listmarkers\":\"0\",\"listmarkers_advanced\":\"0\",\"ugm_enabled\":\"0\",\"fusion\":\"\",\"map_width_type\":\"px\",\"map_height_type\":\"px\",\"mass_marker_support\":\"1\",\"filterbycat\":\"0\",\"ugm_category_enabled\":\"0\",\"ugm_access\":\"0\",\"order_markers_by\":\"0\",\"order_markers_choice\":\"0\",\"show_user_location\":\"0\",\"default_to\":\"\",\"other_settings\":{\"transport_layer\":null}}' data-map-id='1' Data-maps-engine='' data-shortcode-attributes='{\"id\":\"1\"}' style=\"display:block; overflow:auto; width:640px; height:400px; float:left;\"><\/div><br \/>\nMalo ribarsko mjesto Zavala nalazi se na ju\u017enoj strani otoka Hvara. Okovano maslinicima te kristalno \u010distim morem ovo mjesto je destinacija mnogih turista iz cijelog svijeta. Brojne \u0161ljun\u010dane pla\u017ee i skrovite uvale nude posjetiteljima mir i odmor. Duga\u010dko i osvijetljeno \u0161etali\u0161te uz more povezuje sve dijelove Zavale.<a href=\"https:\/\/www.familie-rakic.de\/wp-content\/uploads\/2013\/02\/Zavala-Apartments-Rakic-location.jpg\" rel=\"fancybox[436]\"><img loading=\"lazy\" decoding=\"async\" class=\"alignnone  wp-image-82\" title=\"Zavala Apartments Rakic location\" src=\"https:\/\/www.familie-rakic.de\/wp-content\/uploads\/2013\/02\/Zavala-Apartments-Rakic-location.jpg\" alt=\"\" width=\"630\" height=\"420\" srcset=\"https:\/\/www.familie-rakic.de\/wp-content\/uploads\/2013\/02\/Zavala-Apartments-Rakic-location.jpg 900w, https:\/\/www.familie-rakic.de\/wp-content\/uploads\/2013\/02\/Zavala-Apartments-Rakic-location-300x200.jpg 300w\" sizes=\"auto, (max-width: 630px) 100vw, 630px\" \/><\/a><a href=\"https:\/\/www.familie-rakic.de\/wp-content\/uploads\/2013\/02\/Zavala-Apartments-Rakic-location2.jpg\" rel=\"fancybox[436]\"><img loading=\"lazy\" decoding=\"async\" class=\"alignnone  wp-image-154\" title=\"Zavala Apartments Rakic location\" src=\"https:\/\/www.familie-rakic.de\/wp-content\/uploads\/2013\/02\/Zavala-Apartments-Rakic-location2.jpg\" alt=\"Zavala Apartments Rakic location\" width=\"630\" height=\"420\" srcset=\"https:\/\/www.familie-rakic.de\/wp-content\/uploads\/2013\/02\/Zavala-Apartments-Rakic-location2.jpg 900w, https:\/\/www.familie-rakic.de\/wp-content\/uploads\/2013\/02\/Zavala-Apartments-Rakic-location2-300x200.jpg 300w\" sizes=\"auto, (max-width: 630px) 100vw, 630px\" \/><\/a><br \/>\n<a title=\"Apartmani Rakic\" href=\"https:\/\/www.familie-rakic.de\/hr\/apartmani\"><strong>Dobro do\u0161li u apartmane Raki\u0107!<\/strong><\/a><\/p>\n","protected":false},"excerpt":{"rendered":"<p>Malo ribarsko mjesto Zavala nalazi se na ju\u017enoj strani otoka Hvara. Okovano maslinicima te kristalno \u010distim morem ovo mjesto je destinacija mnogih turista iz cijelog svijeta. Brojne \u0161ljun\u010dane pla\u017ee i skrovite uvale nude posjetiteljima&#8230;<\/p>\n","protected":false},"author":1,"featured_media":80,"parent":0,"menu_order":0,"comment_status":"closed","ping_status":"closed","template":"","meta":{"footnotes":""},"class_list":["post-436","page","type-page","status-publish","has-post-thumbnail","hentry"],"_links":{"self":[{"href":"https:\/\/www.familie-rakic.de\/hr\/wp-json\/wp\/v2\/pages\/436","targetHints":{"allow":["GET"]}}],"collection":[{"href":"https:\/\/www.familie-rakic.de\/hr\/wp-json\/wp\/v2\/pages"}],"about":[{"href":"https:\/\/www.familie-rakic.de\/hr\/wp-json\/wp\/v2\/types\/page"}],"author":[{"embeddable":true,"href":"https:\/\/www.familie-rakic.de\/hr\/wp-json\/wp\/v2\/users\/1"}],"replies":[{"embeddable":true,"href":"https:\/\/www.familie-rakic.de\/hr\/wp-json\/wp\/v2\/comments?post=436"}],"version-history":[{"count":4,"href":"https:\/\/www.familie-rakic.de\/hr\/wp-json\/wp\/v2\/pages\/436\/revisions"}],"predecessor-version":[{"id":437,"href":"https:\/\/www.familie-rakic.de\/hr\/wp-json\/wp\/v2\/pages\/436\/revisions\/437"}],"wp:featuredmedia":[{"embeddable":true,"href":"https:\/\/www.familie-rakic.de\/hr\/wp-json\/wp\/v2\/media\/80"}],"wp:attachment":[{"href":"https:\/\/www.familie-rakic.de\/hr\/wp-json\/wp\/v2\/media?parent=436"}],"curies":[{"name":"wp","href":"https:\/\/api.w.org\/{rel}","templated":true}]}}