{"id":433,"date":"2013-02-06T12:54:02","date_gmt":"2013-02-06T11:54:02","guid":{"rendered":"http:\/\/www.familie-rakic.de\/island-hvar-2\/"},"modified":"2013-03-03T18:35:10","modified_gmt":"2013-03-03T17:35:10","slug":"otok-hvar","status":"publish","type":"page","link":"https:\/\/www.familie-rakic.de\/hr\/otok-hvar\/","title":{"rendered":"Otok Hvar"},"content":{"rendered":"<p><iframe loading=\"lazy\" src=\"http:\/\/www.youtube.com\/embed\/9k4fQTeMMI0\" frameborder=\"0\" width=\"640\" height=\"390\"><\/iframe>Otok Hvar je jedna od najpopularnijih turisti\u010dkih destinacija u Hrvatskoj. S izuzetno blagom klimom i najve\u0107im prosjekom sun\u010danih dana u Europi, poznat je po uzgoju vinove loze, maslina, smokava, badema i posebno lavande. Uzgoj lavande i proizvodnja lavandinog ulja donedavno su bile osnovne djelatnosti otoka, a i danas, u mjesecima cvatnje, posjetitelji mogu u\u017eivati u predivnim poljima lavande i vinove loze.<a href=\"https:\/\/www.familie-rakic.de\/wp-content\/uploads\/2013\/02\/Island-Hvar-001.jpg\" rel=\"fancybox[433]\"><img loading=\"lazy\" decoding=\"async\" class=\"alignnone  wp-image-87\" title=\"Island Hvar from the air\" src=\"https:\/\/www.familie-rakic.de\/wp-content\/uploads\/2013\/02\/Island-Hvar-001.jpg\" alt=\"Island Hvar from the air\" width=\"630\" height=\"380\" srcset=\"https:\/\/www.familie-rakic.de\/wp-content\/uploads\/2013\/02\/Island-Hvar-001.jpg 900w, https:\/\/www.familie-rakic.de\/wp-content\/uploads\/2013\/02\/Island-Hvar-001-300x181.jpg 300w\" sizes=\"auto, (max-width: 630px) 100vw, 630px\" \/><\/a><a href=\"https:\/\/www.familie-rakic.de\/wp-content\/uploads\/2013\/02\/Island-Hvar-005.jpg\" rel=\"fancybox[433]\"><img loading=\"lazy\" decoding=\"async\" class=\"alignnone  wp-image-136\" title=\"Island Hvar, Croatia\" src=\"https:\/\/www.familie-rakic.de\/wp-content\/uploads\/2013\/02\/Island-Hvar-005.jpg\" alt=\"Island Hvar, Croatia\" width=\"630\" height=\"380\" srcset=\"https:\/\/www.familie-rakic.de\/wp-content\/uploads\/2013\/02\/Island-Hvar-005.jpg 1050w, https:\/\/www.familie-rakic.de\/wp-content\/uploads\/2013\/02\/Island-Hvar-005-300x181.jpg 300w, https:\/\/www.familie-rakic.de\/wp-content\/uploads\/2013\/02\/Island-Hvar-005-1024x618.jpg 1024w\" sizes=\"auto, (max-width: 630px) 100vw, 630px\" \/><\/a><br \/>\n<a title=\"Apartmani Rakic\" href=\"https:\/\/www.familie-rakic.de\/hr\/apartmani\"><strong>Dobro do\u0161li u apartmane Raki\u0107!<\/strong><\/a> <a title=\"Lokacija\" href=\"https:\/\/www.familie-rakic.de\/hr\/lokacija\/\">Lokacija na karti<\/a> [socialring]<\/p>\n","protected":false},"excerpt":{"rendered":"<p>Otok Hvar je jedna od najpopularnijih turisti\u010dkih destinacija u Hrvatskoj. S izuzetno blagom klimom i najve\u0107im prosjekom sun\u010danih dana u Europi, poznat je po uzgoju vinove loze, maslina, smokava, badema i posebno lavande. Uzgoj&#8230;<\/p>\n","protected":false},"author":1,"featured_media":87,"parent":0,"menu_order":0,"comment_status":"open","ping_status":"open","template":"","meta":{"footnotes":""},"class_list":["post-433","page","type-page","status-publish","has-post-thumbnail","hentry"],"_links":{"self":[{"href":"https:\/\/www.familie-rakic.de\/hr\/wp-json\/wp\/v2\/pages\/433","targetHints":{"allow":["GET"]}}],"collection":[{"href":"https:\/\/www.familie-rakic.de\/hr\/wp-json\/wp\/v2\/pages"}],"about":[{"href":"https:\/\/www.familie-rakic.de\/hr\/wp-json\/wp\/v2\/types\/page"}],"author":[{"embeddable":true,"href":"https:\/\/www.familie-rakic.de\/hr\/wp-json\/wp\/v2\/users\/1"}],"replies":[{"embeddable":true,"href":"https:\/\/www.familie-rakic.de\/hr\/wp-json\/wp\/v2\/comments?post=433"}],"version-history":[{"count":4,"href":"https:\/\/www.familie-rakic.de\/hr\/wp-json\/wp\/v2\/pages\/433\/revisions"}],"predecessor-version":[{"id":505,"href":"https:\/\/www.familie-rakic.de\/hr\/wp-json\/wp\/v2\/pages\/433\/revisions\/505"}],"wp:featuredmedia":[{"embeddable":true,"href":"https:\/\/www.familie-rakic.de\/hr\/wp-json\/wp\/v2\/media\/87"}],"wp:attachment":[{"href":"https:\/\/www.familie-rakic.de\/hr\/wp-json\/wp\/v2\/media?parent=433"}],"curies":[{"name":"wp","href":"https:\/\/api.w.org\/{rel}","templated":true}]}}