{"id":425,"date":"2013-02-06T10:00:02","date_gmt":"2013-02-06T09:00:02","guid":{"rendered":"http:\/\/www.familie-rakic.de\/zavala-2\/"},"modified":"2013-03-04T21:26:30","modified_gmt":"2013-03-04T20:26:30","slug":"zavala","status":"publish","type":"page","link":"https:\/\/www.familie-rakic.de\/hr\/zavala\/","title":{"rendered":"Zavala"},"content":{"rendered":"<p>Malo ribarsko mjesto Zavala nalazi se na ju\u017enoj strani otoka Hvara. Okovano maslinicima te kristalno \u010distim morem ovo mjesto je destinacija mnogih turista iz cijelog svijeta. Brojne \u0161ljun\u010dane plaze i skrovite uvale nude posjetiteljima mir.\u00a0<a href=\"https:\/\/www.familie-rakic.de\/wp-content\/uploads\/2013\/02\/Zavala-Island-Hvar-005.jpg\" rel=\"fancybox[425]\"><img loading=\"lazy\" decoding=\"async\" class=\"alignnone  wp-image-63\" title=\"Zavala Island Hvar from the air\" src=\"https:\/\/www.familie-rakic.de\/wp-content\/uploads\/2013\/02\/Zavala-Island-Hvar-005.jpg\" alt=\"Zavala Island Hvar from the air\" width=\"630\" height=\"420\" srcset=\"https:\/\/www.familie-rakic.de\/wp-content\/uploads\/2013\/02\/Zavala-Island-Hvar-005.jpg 900w, https:\/\/www.familie-rakic.de\/wp-content\/uploads\/2013\/02\/Zavala-Island-Hvar-005-300x200.jpg 300w\" sizes=\"auto, (max-width: 630px) 100vw, 630px\" \/><\/a>Duga\u010dko i osvijetljeno \u0161etali\u0161te uz more povezuje sve dijelove Zavale. Na dohvatu su vam brojne male uvalice, te malim brodom i otok \u0160\u0107edro. Na padinama iznad samog mjesta nalaze se brojni vinogradi u kojima nastaju najbolja hvarska vina. U Zavali postoji mala samoposluga i nekoliko restorana.<a href=\"https:\/\/www.familie-rakic.de\/wp-content\/uploads\/2013\/02\/Zavala-Island-Hvar-004.jpg\" rel=\"fancybox[425]\"><img loading=\"lazy\" decoding=\"async\" class=\"alignnone  wp-image-65\" title=\"Zavala, Long promenade along the beach\" src=\"https:\/\/www.familie-rakic.de\/wp-content\/uploads\/2013\/02\/Zavala-Island-Hvar-004.jpg\" alt=\"Zavala, Long promenade along the beach\" width=\"630\" height=\"420\" srcset=\"https:\/\/www.familie-rakic.de\/wp-content\/uploads\/2013\/02\/Zavala-Island-Hvar-004.jpg 900w, https:\/\/www.familie-rakic.de\/wp-content\/uploads\/2013\/02\/Zavala-Island-Hvar-004-300x200.jpg 300w\" sizes=\"auto, (max-width: 630px) 100vw, 630px\" \/><\/a><a href=\"https:\/\/www.familie-rakic.de\/wp-content\/uploads\/2013\/02\/Zavala-Apartments-Rakic-location.jpg\" rel=\"fancybox[425]\"><img loading=\"lazy\" decoding=\"async\" class=\"alignnone  wp-image-82\" title=\"Zavala Apartments Rakic location\" src=\"https:\/\/www.familie-rakic.de\/wp-content\/uploads\/2013\/02\/Zavala-Apartments-Rakic-location.jpg\" alt=\"Zavala Apartments Rakic location\" width=\"630\" height=\"420\" srcset=\"https:\/\/www.familie-rakic.de\/wp-content\/uploads\/2013\/02\/Zavala-Apartments-Rakic-location.jpg 900w, https:\/\/www.familie-rakic.de\/wp-content\/uploads\/2013\/02\/Zavala-Apartments-Rakic-location-300x200.jpg 300w\" sizes=\"auto, (max-width: 630px) 100vw, 630px\" \/><\/a><a href=\"https:\/\/www.familie-rakic.de\/wp-content\/uploads\/2013\/02\/Zavala-Island-Hvar-003.jpg\" rel=\"fancybox[425]\"><img loading=\"lazy\" decoding=\"async\" class=\"alignnone  wp-image-70\" title=\"Zavala Island Hvar\" src=\"https:\/\/www.familie-rakic.de\/wp-content\/uploads\/2013\/02\/Zavala-Island-Hvar-003.jpg\" alt=\"Zavala Island Hvar\" width=\"630\" height=\"420\" srcset=\"https:\/\/www.familie-rakic.de\/wp-content\/uploads\/2013\/02\/Zavala-Island-Hvar-003.jpg 900w, https:\/\/www.familie-rakic.de\/wp-content\/uploads\/2013\/02\/Zavala-Island-Hvar-003-300x200.jpg 300w\" sizes=\"auto, (max-width: 630px) 100vw, 630px\" \/><\/a><br \/>\nZahvaljujemo vam \u0161to ste pokazali zanimanje za na\u0161u ponudu, i nadamo se da \u0107emo vas uskoro mo\u0107i pozdraviti ovdje, na otoku Hvaru. <a title=\"Apartmani Rakic\" href=\"https:\/\/www.familie-rakic.de\/hr\/apartmani\"><strong>Dobro do\u0161li u apartmane Raki\u0107!<\/strong><\/a> <a title=\"Lokacija\" href=\"https:\/\/www.familie-rakic.de\/hr\/lokacija\/\">Lokacija na karti<\/a> [socialring]<\/p>\n","protected":false},"excerpt":{"rendered":"<p>Malo ribarsko mjesto Zavala nalazi se na ju\u017enoj strani otoka Hvara. Okovano maslinicima te kristalno \u010distim morem ovo mjesto je destinacija mnogih turista iz cijelog svijeta. Brojne \u0161ljun\u010dane plaze i skrovite uvale nude posjetiteljima&#8230;<\/p>\n","protected":false},"author":1,"featured_media":67,"parent":0,"menu_order":0,"comment_status":"open","ping_status":"open","template":"","meta":{"footnotes":""},"class_list":["post-425","page","type-page","status-publish","has-post-thumbnail","hentry"],"_links":{"self":[{"href":"https:\/\/www.familie-rakic.de\/hr\/wp-json\/wp\/v2\/pages\/425","targetHints":{"allow":["GET"]}}],"collection":[{"href":"https:\/\/www.familie-rakic.de\/hr\/wp-json\/wp\/v2\/pages"}],"about":[{"href":"https:\/\/www.familie-rakic.de\/hr\/wp-json\/wp\/v2\/types\/page"}],"author":[{"embeddable":true,"href":"https:\/\/www.familie-rakic.de\/hr\/wp-json\/wp\/v2\/users\/1"}],"replies":[{"embeddable":true,"href":"https:\/\/www.familie-rakic.de\/hr\/wp-json\/wp\/v2\/comments?post=425"}],"version-history":[{"count":13,"href":"https:\/\/www.familie-rakic.de\/hr\/wp-json\/wp\/v2\/pages\/425\/revisions"}],"predecessor-version":[{"id":427,"href":"https:\/\/www.familie-rakic.de\/hr\/wp-json\/wp\/v2\/pages\/425\/revisions\/427"}],"wp:featuredmedia":[{"embeddable":true,"href":"https:\/\/www.familie-rakic.de\/hr\/wp-json\/wp\/v2\/media\/67"}],"wp:attachment":[{"href":"https:\/\/www.familie-rakic.de\/hr\/wp-json\/wp\/v2\/media?parent=425"}],"curies":[{"name":"wp","href":"https:\/\/api.w.org\/{rel}","templated":true}]}}